{"id":3357,"date":"2026-04-27T13:53:29","date_gmt":"2026-04-27T13:53:29","guid":{"rendered":"https:\/\/tanakim.fr\/?page_id=3357"},"modified":"2026-04-27T13:56:24","modified_gmt":"2026-04-27T13:56:24","slug":"archives","status":"publish","type":"page","link":"https:\/\/tanakim.fr\/en\/archives\/","title":{"rendered":"Archives"},"content":{"rendered":"<div data-elementor-type=\"wp-page\" data-elementor-id=\"3357\" class=\"elementor elementor-3357\" data-elementor-post-type=\"page\">\n\t\t\t\t<div class=\"elementor-element elementor-element-43bab37 e-grid e-con-boxed e-con e-parent\" data-id=\"43bab37\" data-element_type=\"container\" data-e-type=\"container\">\n\t\t\t\t\t<div class=\"e-con-inner\">\n\t\t\t\t<div class=\"elementor-element elementor-element-6bb19fa elementor-widget elementor-widget-image\" data-id=\"6bb19fa\" data-element_type=\"widget\" data-e-type=\"widget\" data-widget_type=\"image.default\">\n\t\t\t\t<div class=\"elementor-widget-container\">\n\t\t\t\t\t\t\t\t\t\t\t\t\t\t\t<img fetchpriority=\"high\" decoding=\"async\" width=\"800\" height=\"800\" src=\"https:\/\/tanakim.fr\/wp-content\/uploads\/2026\/01\/fb60b3bd-586a-44d9-ac69-8a7eaf4ec0b0-1024x1024.jpeg\" class=\"attachment-large size-large wp-image-3136\" alt=\"\" srcset=\"https:\/\/tanakim.fr\/wp-content\/uploads\/2026\/01\/fb60b3bd-586a-44d9-ac69-8a7eaf4ec0b0-1024x1024.jpeg 1024w, https:\/\/tanakim.fr\/wp-content\/uploads\/2026\/01\/fb60b3bd-586a-44d9-ac69-8a7eaf4ec0b0-300x300.jpeg 300w, https:\/\/tanakim.fr\/wp-content\/uploads\/2026\/01\/fb60b3bd-586a-44d9-ac69-8a7eaf4ec0b0-150x150.jpeg 150w, https:\/\/tanakim.fr\/wp-content\/uploads\/2026\/01\/fb60b3bd-586a-44d9-ac69-8a7eaf4ec0b0-768x768.jpeg 768w, https:\/\/tanakim.fr\/wp-content\/uploads\/2026\/01\/fb60b3bd-586a-44d9-ac69-8a7eaf4ec0b0-12x12.jpeg 12w, https:\/\/tanakim.fr\/wp-content\/uploads\/2026\/01\/fb60b3bd-586a-44d9-ac69-8a7eaf4ec0b0-600x600.jpeg 600w, https:\/\/tanakim.fr\/wp-content\/uploads\/2026\/01\/fb60b3bd-586a-44d9-ac69-8a7eaf4ec0b0-100x100.jpeg 100w, https:\/\/tanakim.fr\/wp-content\/uploads\/2026\/01\/fb60b3bd-586a-44d9-ac69-8a7eaf4ec0b0.jpeg 1080w\" sizes=\"(max-width: 800px) 100vw, 800px\" \/>\t\t\t\t\t\t\t\t\t\t\t\t\t\t\t<\/div>\n\t\t\t\t<\/div>\n\t\t\t\t<div class=\"elementor-element elementor-element-92927ac elementor-widget elementor-widget-text-editor\" data-id=\"92927ac\" data-element_type=\"widget\" data-e-type=\"widget\" data-widget_type=\"text-editor.default\">\n\t\t\t\t<div class=\"elementor-widget-container\">\n\t\t\t\t\t\t\t\t\t<p>En 2025, <strong>Tana Kim est n\u00e9e d&rsquo;une conviction simple<\/strong> : le v\u00eatement peut \u00eatre plus qu&rsquo;un objet.<\/p><p>Il est <strong>un support d&rsquo;expression artistique.\u00a0<\/strong><\/p><p>Chaque ensemble est con\u00e7u comme <strong>une oeuvre d\u00e8s sa cr\u00e9ation<\/strong>.\u00a0<\/p><p>A work worn, activated by the body, by movement, by life.\u00a0<\/p><p class=\"translation-block\">Then, following an artistic protocol, it transforms into a new work of art.<\/p><p>A la crois\u00e9e de la mode et de l&rsquo;art, Tana Kim propose un <strong>nouveau concept de mode<\/strong> : une cr\u00e9ation en plusieurs temps, o\u00f9 l&rsquo;expression, le geste et la transformation produisent de la valeur.<\/p><p class=\"translation-block\">2026 opens as a year of encounters, dialogue, and collaboration.<\/p><p><strong>Thanks to all who accompany, support, and make this project possible.<\/strong><\/p><p><strong>Happy New Year 2026 !<\/strong><\/p><p><strong>Nathalie\u00a0<\/strong><\/p><p><em>Tana Kim<\/em><\/p>\t\t\t\t\t\t\t\t<\/div>\n\t\t\t\t<\/div>\n\t\t\t\t\t<\/div>\n\t\t\t\t<\/div>\n\t\t\t\t<\/div>","protected":false},"excerpt":{"rendered":"<p>En 2025, Tana Kim est n\u00e9e d&rsquo;une conviction simple : le v\u00eatement peut \u00eatre plus qu&rsquo;un objet. Il est un support d&rsquo;expression artistique.\u00a0 Chaque ensemble est con\u00e7u comme une oeuvre d\u00e8s sa cr\u00e9ation.\u00a0 Une oeuvre port\u00e9e, activ\u00e9e par le corps, par le mouvement, par la vie.\u00a0 Puis, selon un protocole artistique, elle se transforme en [&hellip;]<\/p>","protected":false},"author":1,"featured_media":0,"parent":0,"menu_order":0,"comment_status":"closed","ping_status":"closed","template":"elementor_header_footer","meta":{"footnotes":""},"class_list":["post-3357","page","type-page","status-publish","hentry"],"_links":{"self":[{"href":"https:\/\/tanakim.fr\/en\/wp-json\/wp\/v2\/pages\/3357","targetHints":{"allow":["GET"]}}],"collection":[{"href":"https:\/\/tanakim.fr\/en\/wp-json\/wp\/v2\/pages"}],"about":[{"href":"https:\/\/tanakim.fr\/en\/wp-json\/wp\/v2\/types\/page"}],"author":[{"embeddable":true,"href":"https:\/\/tanakim.fr\/en\/wp-json\/wp\/v2\/users\/1"}],"replies":[{"embeddable":true,"href":"https:\/\/tanakim.fr\/en\/wp-json\/wp\/v2\/comments?post=3357"}],"version-history":[{"count":5,"href":"https:\/\/tanakim.fr\/en\/wp-json\/wp\/v2\/pages\/3357\/revisions"}],"predecessor-version":[{"id":3363,"href":"https:\/\/tanakim.fr\/en\/wp-json\/wp\/v2\/pages\/3357\/revisions\/3363"}],"wp:attachment":[{"href":"https:\/\/tanakim.fr\/en\/wp-json\/wp\/v2\/media?parent=3357"}],"curies":[{"name":"wp","href":"https:\/\/api.w.org\/{rel}","templated":true}]}}