{"id":3264,"date":"2026-01-25T09:17:43","date_gmt":"2026-01-25T09:17:43","guid":{"rendered":"https:\/\/tanakim.fr\/?page_id=3264"},"modified":"2026-01-25T09:31:27","modified_gmt":"2026-01-25T09:31:27","slug":"matrice","status":"publish","type":"page","link":"https:\/\/tanakim.fr\/en\/matrice\/","title":{"rendered":"Matrice"},"content":{"rendered":"<div data-elementor-type=\"wp-page\" data-elementor-id=\"3264\" class=\"elementor elementor-3264\" data-elementor-post-type=\"page\">\n\t\t\t\t<div class=\"elementor-element elementor-element-220c9f4 e-grid e-con-full e-con e-parent\" data-id=\"220c9f4\" data-element_type=\"container\" data-e-type=\"container\">\n\t\t\t\t<div class=\"elementor-element elementor-element-be72711 elementor-widget elementor-widget-video\" data-id=\"be72711\" data-element_type=\"widget\" data-e-type=\"widget\" data-settings=\"{&quot;video_type&quot;:&quot;hosted&quot;,&quot;play_on_mobile&quot;:&quot;yes&quot;,&quot;autoplay&quot;:&quot;yes&quot;,&quot;controls&quot;:&quot;yes&quot;}\" data-widget_type=\"video.default\">\n\t\t\t\t<div class=\"elementor-widget-container\">\n\t\t\t\t\t\t\t<div class=\"e-hosted-video elementor-wrapper elementor-open-inline\">\n\t\t\t\t\t<video class=\"elementor-video\" src=\"https:\/\/tanakim.fr\/wp-content\/uploads\/2026\/01\/Tana-Kim-Matrice-12.mp4\" autoplay=\"\" controls=\"\" playsinline=\"\" controlslist=\"nodownload\"><\/video>\n\t\t\t\t<\/div>\n\t\t\t\t\t\t<\/div>\n\t\t\t\t<\/div>\n\t\t\t\t<div class=\"elementor-element elementor-element-c4e44b1 elementor-widget elementor-widget-text-editor\" data-id=\"c4e44b1\" data-element_type=\"widget\" data-e-type=\"widget\" data-widget_type=\"text-editor.default\">\n\t\t\t\t<div class=\"elementor-widget-container\">\n\t\t\t\t\t\t\t\t\t<p>\u2727 La matrice<\/p><p>Un patron unique.<\/p><p>Quatre collections.<\/p><p>Quatre mani\u00e8res d\u2019habiter la m\u00eame forme.<\/p><p>Un socle altruiste.<\/p><p>Une matrice pens\u00e9e pour explorer le lien entre corps, art et mati\u00e8re.<\/p><p><strong>Genesis<\/strong>, l\u2019\u00e9go-trip 167-40 fondateur,<\/p><p><strong>Origin<\/strong>, le geste partag\u00e9,<\/p><p><strong>Fusion<\/strong>, la collaboration artistique,<\/p><p><strong>Expression<\/strong>, l\u2019oeuvre port\u00e9e et transformable.<\/p>\t\t\t\t\t\t\t\t<\/div>\n\t\t\t\t<\/div>\n\t\t\t\t<\/div>\n\t\t\t\t<\/div>","protected":false},"excerpt":{"rendered":"<p>https:\/\/tanakim.fr\/wp-content\/uploads\/2026\/01\/Tana-Kim-Matrice-12.mp4 \u2727 La matrice Un patron unique. Quatre collections. Quatre mani\u00e8res d\u2019habiter la m\u00eame forme. Un socle altruiste. Une matrice pens\u00e9e pour explorer le lien entre corps, art et mati\u00e8re. Gen\u00e8se, l\u2019\u00e9go-trip 167-40 fondateur, Origine, le geste partag\u00e9, Fusion, la collaboration artistique, Expression, l\u2019oeuvre port\u00e9e et transformable.<\/p>","protected":false},"author":1,"featured_media":0,"parent":0,"menu_order":0,"comment_status":"closed","ping_status":"closed","template":"elementor_header_footer","meta":{"footnotes":""},"class_list":["post-3264","page","type-page","status-publish","hentry"],"_links":{"self":[{"href":"https:\/\/tanakim.fr\/en\/wp-json\/wp\/v2\/pages\/3264","targetHints":{"allow":["GET"]}}],"collection":[{"href":"https:\/\/tanakim.fr\/en\/wp-json\/wp\/v2\/pages"}],"about":[{"href":"https:\/\/tanakim.fr\/en\/wp-json\/wp\/v2\/types\/page"}],"author":[{"embeddable":true,"href":"https:\/\/tanakim.fr\/en\/wp-json\/wp\/v2\/users\/1"}],"replies":[{"embeddable":true,"href":"https:\/\/tanakim.fr\/en\/wp-json\/wp\/v2\/comments?post=3264"}],"version-history":[{"count":13,"href":"https:\/\/tanakim.fr\/en\/wp-json\/wp\/v2\/pages\/3264\/revisions"}],"predecessor-version":[{"id":3278,"href":"https:\/\/tanakim.fr\/en\/wp-json\/wp\/v2\/pages\/3264\/revisions\/3278"}],"wp:attachment":[{"href":"https:\/\/tanakim.fr\/en\/wp-json\/wp\/v2\/media?parent=3264"}],"curies":[{"name":"wp","href":"https:\/\/api.w.org\/{rel}","templated":true}]}}