{"id":3,"date":"2025-03-07T10:12:29","date_gmt":"2025-03-07T10:12:29","guid":{"rendered":"http:\/\/tanakim.fr\/?page_id=3"},"modified":"2026-02-01T11:06:31","modified_gmt":"2026-02-01T11:06:31","slug":"privacy-policy","status":"publish","type":"page","link":"https:\/\/tanakim.fr\/en\/privacy-policy\/","title":{"rendered":"Legal Informations"},"content":{"rendered":"<div data-elementor-type=\"wp-page\" data-elementor-id=\"3\" class=\"elementor elementor-3\" data-elementor-post-type=\"page\">\n\t\t\t\t<div class=\"elementor-element elementor-element-66b026c7 e-flex e-con-boxed e-con e-parent\" data-id=\"66b026c7\" data-element_type=\"container\" data-e-type=\"container\">\n\t\t\t\t\t<div class=\"e-con-inner\">\n\t\t\t\t<div class=\"elementor-element elementor-element-6bc840a elementor-widget elementor-widget-text-editor\" data-id=\"6bc840a\" data-element_type=\"widget\" data-e-type=\"widget\" data-widget_type=\"text-editor.default\">\n\t\t\t\t<div class=\"elementor-widget-container\">\n\t\t\t\t\t\t\t\t\t<p class=\"p1\"><b>Legal Notice<\/b><\/p>\n<p class=\"p3\">Last updated: January 16, 2026 (V2)<\/p>\n<p class=\"p3\">Bienvenu(e) sur le site <a href=\"https:\/\/tanakim.fr\/en\/\"><span class=\"s1\">www.tanakim.fr<\/span><\/a> (\u00ab&nbsp;le Site&nbsp;\u00bb).<\/p>\n<p class=\"p3\">Le Site appartient et est \u00e9dit\u00e9 par la soci\u00e9t\u00e9 Tana Kim (l\u2019Editeur) repr\u00e9sent\u00e9e par la soci\u00e9t\u00e9 Nathalie Tardif, immatricul\u00e9e<span class=\"Apple-converted-space\">&nbsp; <\/span>au Registre du Commerce des Soci\u00e9t\u00e9s de Pontoise sous le num\u00e9ro 93859148400028, non assujettie \u00e0 la TVA, domicili\u00e9e 32 boulevard du Port, 95000 Cergy.<\/p>\n<p class=\"p3\">By accessing and browsing this Website, the User accepts the conditions set forth below, as well as all matters arising from its content (General Terms of Sale, Terms of Use, Cookies), its use, and related issues. Use of this Website is subject to French law.<\/p>\n<p class=\"translation-block\">You can consult our Privacy Policy for further details.<\/p>\n<p class=\"p3\">Publisher of the Website<span class=\"Apple-converted-space\">&nbsp; <\/span>:<\/p>\n<ul class=\"ul1\">\n<li class=\"li3 translation-block\">Company: Tana Kim<\/li>\n<\/ul>\n<p class=\"p3\">Hosting Provider&nbsp;<\/p>\n<ul class=\"ul1\">\n<li class=\"li3\">Company: Hostinger International LTD\nAddress: 61 Lordou Vironos, 6023 Larnaca, Cyprus\nSIRET: 514 264 860 00025<\/li>\n<\/ul>\n<p class=\"p3\">Website Designer<\/p>\n<ul class=\"ul1\">\n<li class=\"li3\">Junior Centrale Sup\u00e9lec\nPlateau du Moulon, 91190 Gif-sur-Yvette Cedex, France\nSIRET: 350 234 290 00012<\/li>\n<\/ul>\n<p class=\"p3\">Contact InformationBy email: contact@tanakim.fr<\/p>\n<ul class=\"ul1\">\n<li class=\"li3\">Par email \u00e0 email : <a href=\"mailto:contact@tanakim.fr\"><span class=\"s2\">contact@tanakim.fr<\/span><\/a><\/li>\n<li class=\"li3\">Via the Website contact form<\/li>\n<\/ul><div><br><\/div>\n<p>French domestic law shall apply.<\/p>\t\t\t\t\t\t\t\t<\/div>\n\t\t\t\t<\/div>\n\t\t\t\t\t<\/div>\n\t\t\t\t<\/div>\n\t\t\t\t<\/div>","protected":false},"excerpt":{"rendered":"<p>MENTIONS LEGALES Derni\u00e8re mise \u00e0 jour : 16 janvier 2026 (V2) Bienvenu(e) sur le site www.tanakim.fr (\u00ab&nbsp;le Site&nbsp;\u00bb). Le Site appartient et est \u00e9dit\u00e9 par la soci\u00e9t\u00e9 Tana Kim (l\u2019Editeur) repr\u00e9sent\u00e9e par la soci\u00e9t\u00e9 Nathalie Tardif, immatricul\u00e9e&nbsp; au Registre du Commerce des Soci\u00e9t\u00e9s de Pontoise sous le num\u00e9ro 93859148400028, non assujettie \u00e0 la TVA, domicili\u00e9e [&hellip;]<\/p>","protected":false},"author":1,"featured_media":0,"parent":0,"menu_order":0,"comment_status":"closed","ping_status":"open","template":"elementor_header_footer","meta":{"footnotes":""},"class_list":["post-3","page","type-page","status-publish","hentry"],"_links":{"self":[{"href":"https:\/\/tanakim.fr\/en\/wp-json\/wp\/v2\/pages\/3","targetHints":{"allow":["GET"]}}],"collection":[{"href":"https:\/\/tanakim.fr\/en\/wp-json\/wp\/v2\/pages"}],"about":[{"href":"https:\/\/tanakim.fr\/en\/wp-json\/wp\/v2\/types\/page"}],"author":[{"embeddable":true,"href":"https:\/\/tanakim.fr\/en\/wp-json\/wp\/v2\/users\/1"}],"replies":[{"embeddable":true,"href":"https:\/\/tanakim.fr\/en\/wp-json\/wp\/v2\/comments?post=3"}],"version-history":[{"count":24,"href":"https:\/\/tanakim.fr\/en\/wp-json\/wp\/v2\/pages\/3\/revisions"}],"predecessor-version":[{"id":3305,"href":"https:\/\/tanakim.fr\/en\/wp-json\/wp\/v2\/pages\/3\/revisions\/3305"}],"wp:attachment":[{"href":"https:\/\/tanakim.fr\/en\/wp-json\/wp\/v2\/media?parent=3"}],"curies":[{"name":"wp","href":"https:\/\/api.w.org\/{rel}","templated":true}]}}