{"id":2718,"date":"2025-11-01T13:48:04","date_gmt":"2025-11-01T13:48:04","guid":{"rendered":"https:\/\/tanakim.fr\/?page_id=2718"},"modified":"2026-01-17T14:26:17","modified_gmt":"2026-01-17T14:26:17","slug":"fusion","status":"publish","type":"page","link":"https:\/\/tanakim.fr\/en\/fusion\/","title":{"rendered":"Fusion"},"content":{"rendered":"<div data-elementor-type=\"wp-page\" data-elementor-id=\"2718\" class=\"elementor elementor-2718\" data-elementor-post-type=\"page\">\n\t\t\t\t<div class=\"elementor-element elementor-element-36f090a e-flex e-con-boxed e-con e-parent\" data-id=\"36f090a\" data-element_type=\"container\" data-e-type=\"container\">\n\t\t\t\t\t<div class=\"e-con-inner\">\n\t\t\t\t<div class=\"elementor-element elementor-element-88654e9 elementor-widget elementor-widget-heading\" data-id=\"88654e9\" data-element_type=\"widget\" data-e-type=\"widget\" data-widget_type=\"heading.default\">\n\t\t\t\t<div class=\"elementor-widget-container\">\n\t\t\t\t\t<h2 class=\"elementor-heading-title elementor-size-default\">Fusion<\/h2>\t\t\t\t<\/div>\n\t\t\t\t<\/div>\n\t\t\t\t<div class=\"elementor-element elementor-element-a7ed6ac elementor-widget elementor-widget-spacer\" data-id=\"a7ed6ac\" data-element_type=\"widget\" data-e-type=\"widget\" data-widget_type=\"spacer.default\">\n\t\t\t\t<div class=\"elementor-widget-container\">\n\t\t\t\t\t\t\t<div class=\"elementor-spacer\">\n\t\t\t<div class=\"elementor-spacer-inner\"><\/div>\n\t\t<\/div>\n\t\t\t\t\t\t<\/div>\n\t\t\t\t<\/div>\n\t\t\t\t\t<\/div>\n\t\t\t\t<\/div>\n\t\t<div class=\"elementor-element elementor-element-52fab45 e-grid e-con-full e-con e-parent\" data-id=\"52fab45\" data-element_type=\"container\" data-e-type=\"container\">\n\t\t\t\t<div class=\"elementor-element elementor-element-5eaa525 elementor-widget elementor-widget-video\" data-id=\"5eaa525\" data-element_type=\"widget\" data-e-type=\"widget\" data-settings=\"{&quot;video_type&quot;:&quot;hosted&quot;,&quot;controls&quot;:&quot;yes&quot;}\" data-widget_type=\"video.default\">\n\t\t\t\t<div class=\"elementor-widget-container\">\n\t\t\t\t\t\t\t<div class=\"e-hosted-video elementor-wrapper elementor-open-inline\">\n\t\t\t\t\t<video class=\"elementor-video\" src=\"https:\/\/tanakim.fr\/wp-content\/uploads\/2026\/01\/Instagram-Fusion1.mp4\" controls=\"\" preload=\"metadata\" controlslist=\"nodownload\"><\/video>\n\t\t\t\t<\/div>\n\t\t\t\t\t\t<\/div>\n\t\t\t\t<\/div>\n\t\t\t\t<div class=\"elementor-element elementor-element-935996c elementor-widget elementor-widget-text-editor\" data-id=\"935996c\" data-element_type=\"widget\" data-e-type=\"widget\" data-widget_type=\"text-editor.default\">\n\t\t\t\t<div class=\"elementor-widget-container\">\n\t\t\t\t\t\t\t\t\t<p><strong>\u27e1 Fusion 1<\/strong><\/p><p>When the artwork enters the material.<\/p><p>Avec Fusion, le projet Tana Kim change d\u2019\u00e9chelle.<br \/>Apr\u00e8s Gen\u00e8se, le geste intime,<br \/>Apr\u00e8s Origine, le geste partag\u00e9, <br \/>Vient le temps de la collaboration.<\/p><p class=\"translation-block\">It all begins with a digital artwork.\nAn artist, @mclouin, creates, composes, explores.\nThe image comes to life on screen, designed to become textile.<\/p><p class=\"translation-block\">Then the artwork is printed.\nIt leaves the screen to inhabit the material and meet the unique pattern.\nSewing interprets, the form emerges, and the ensemble comes to life.<\/p><p class=\"translation-block\">Worn, the ensemble becomes a means of expression.\nA work in motion, alive in everyday life.<\/p><p class=\"translation-block\">Fusion is the meeting of perspectives.\nA dialogue between image, material, and body.\nA multi-handed process that lets art flow beyond the frame.<\/p>\t\t\t\t\t\t\t\t<\/div>\n\t\t\t\t<\/div>\n\t\t\t\t<div class=\"elementor-element elementor-element-39b6988 elementor-widget elementor-widget-video\" data-id=\"39b6988\" data-element_type=\"widget\" data-e-type=\"widget\" data-settings=\"{&quot;video_type&quot;:&quot;hosted&quot;,&quot;controls&quot;:&quot;yes&quot;}\" data-widget_type=\"video.default\">\n\t\t\t\t<div class=\"elementor-widget-container\">\n\t\t\t\t\t\t\t<div class=\"e-hosted-video elementor-wrapper elementor-open-inline\">\n\t\t\t\t\t<video class=\"elementor-video\" src=\"https:\/\/tanakim.fr\/wp-content\/uploads\/2026\/01\/Instagram-Fusion2.mp4\" controls=\"\" preload=\"metadata\" controlslist=\"nodownload\"><\/video>\n\t\t\t\t<\/div>\n\t\t\t\t\t\t<\/div>\n\t\t\t\t<\/div>\n\t\t\t\t<div class=\"elementor-element elementor-element-53137b6 elementor-widget elementor-widget-text-editor\" data-id=\"53137b6\" data-element_type=\"widget\" data-e-type=\"widget\" data-widget_type=\"text-editor.default\">\n\t\t\t\t<div class=\"elementor-widget-container\">\n\t\t\t\t\t\t\t\t\t<p><strong>\u27e1 Fusion 2<\/strong><\/p><p>When gestures merge.<\/p><p class=\"translation-block\">Fusion is a living collaboration.\nRoles don\u2019t simply add up-they respond to each other.<\/p><p class=\"translation-block\">The digital sketch takes shape on the screen.\nThe artist composes, explores, adjusts.<\/p><p class=\"translation-block\">When the image becomes textile.\nIt is printed onto the material.\nThe surface becomes an exhibition medium.\nIt absorbs the image.<\/p><p class=\"translation-block\">A detail emerges. The designer considers the cut.\nShe shapes it, then assembles the panels.<\/p><p class=\"translation-block\">Fusion is written in this in-between : a space co-creation.\nThe artwork and the material prepare to engage in dialogue with the body.<\/p>\t\t\t\t\t\t\t\t<\/div>\n\t\t\t\t<\/div>\n\t\t\t\t<div class=\"elementor-element elementor-element-2795de1 elementor-widget elementor-widget-video\" data-id=\"2795de1\" data-element_type=\"widget\" data-e-type=\"widget\" data-settings=\"{&quot;video_type&quot;:&quot;hosted&quot;,&quot;controls&quot;:&quot;yes&quot;}\" data-widget_type=\"video.default\">\n\t\t\t\t<div class=\"elementor-widget-container\">\n\t\t\t\t\t\t\t<div class=\"e-hosted-video elementor-wrapper elementor-open-inline\">\n\t\t\t\t\t<video class=\"elementor-video\" src=\"https:\/\/tanakim.fr\/wp-content\/uploads\/2026\/01\/Instagram-Fusion3.mp4\" controls=\"\" preload=\"metadata\" controlslist=\"nodownload\"><\/video>\n\t\t\t\t<\/div>\n\t\t\t\t\t\t<\/div>\n\t\t\t\t<\/div>\n\t\t\t\t<div class=\"elementor-element elementor-element-03f4064 elementor-widget elementor-widget-text-editor\" data-id=\"03f4064\" data-element_type=\"widget\" data-e-type=\"widget\" data-widget_type=\"text-editor.default\">\n\t\t\t\t<div class=\"elementor-widget-container\">\n\t\t\t\t\t\t\t\t\t<p><strong>\u27e1 Fusion 3<\/strong><\/p><p>When the vision comes to life.<\/p><p>The digital sketch builds up. The image is born on screen, designed to become textile.<\/p><p class=\"translation-block\">Fusion explores transformation: from image to matter, from matter to object. The printed fabric is cut. The gesture fragments and interprets. One side of the skirt emerges.<\/p><p class=\"translation-block\">The artwork is no longer whole. It is recomposed. It enters everyday life. Fusion is daring to transform.<\/p><p>\"Art does not remain intact. It becomes embodied.<\/p><p class=\"translation-block\">Fusion is a transition from image to volume. From artwork to 'ready-to-wear'.<\/p>\t\t\t\t\t\t\t\t<\/div>\n\t\t\t\t<\/div>\n\t\t\t\t<\/div>\n\t\t\t\t<\/div>","protected":false},"excerpt":{"rendered":"<p>Fusion https:\/\/tanakim.fr\/wp-content\/uploads\/2026\/01\/Instagram-Fusion1.mp4 \u27e1 Fusion 1 Quand l\u2019oeuvre entre dans la mati\u00e8re. Avec Fusion, le projet Tana Kim change d\u2019\u00e9chelle.Apr\u00e8s Gen\u00e8se, le geste intime,Apr\u00e8s Origine, le geste partag\u00e9, Vient le temps de la collaboration. Tout commence par une oeuvre num\u00e9rique.Un artiste, @mclouin cr\u00e9e, compose, explore.L\u2019image na\u00eet \u00e0 l\u2019\u00e9cran, pens\u00e9e pour devenir textile. Puis l\u2019oeuvre s\u2019imprime.Elle quitte [&hellip;]<\/p>","protected":false},"author":1,"featured_media":0,"parent":0,"menu_order":0,"comment_status":"closed","ping_status":"closed","template":"elementor_header_footer","meta":{"footnotes":""},"class_list":["post-2718","page","type-page","status-publish","hentry"],"_links":{"self":[{"href":"https:\/\/tanakim.fr\/en\/wp-json\/wp\/v2\/pages\/2718","targetHints":{"allow":["GET"]}}],"collection":[{"href":"https:\/\/tanakim.fr\/en\/wp-json\/wp\/v2\/pages"}],"about":[{"href":"https:\/\/tanakim.fr\/en\/wp-json\/wp\/v2\/types\/page"}],"author":[{"embeddable":true,"href":"https:\/\/tanakim.fr\/en\/wp-json\/wp\/v2\/users\/1"}],"replies":[{"embeddable":true,"href":"https:\/\/tanakim.fr\/en\/wp-json\/wp\/v2\/comments?post=2718"}],"version-history":[{"count":22,"href":"https:\/\/tanakim.fr\/en\/wp-json\/wp\/v2\/pages\/2718\/revisions"}],"predecessor-version":[{"id":3212,"href":"https:\/\/tanakim.fr\/en\/wp-json\/wp\/v2\/pages\/2718\/revisions\/3212"}],"wp:attachment":[{"href":"https:\/\/tanakim.fr\/en\/wp-json\/wp\/v2\/media?parent=2718"}],"curies":[{"name":"wp","href":"https:\/\/api.w.org\/{rel}","templated":true}]}}